{"id":24363,"date":"2015-06-26T11:33:18","date_gmt":"2015-06-26T09:33:18","guid":{"rendered":"http:\/\/www.undsgn.com\/uncode\/?page_id=24363"},"modified":"2020-04-03T14:00:23","modified_gmt":"2020-04-03T14:00:23","slug":"privacy-policy","status":"publish","type":"page","link":"https:\/\/www.restorangusar.hr\/en\/privacy-policy\/","title":{"rendered":"Privacy Policy"},"content":{"rendered":"<p>[vc_row row_height_percent=&#8221;0&#8243; override_padding=&#8221;yes&#8221; h_padding=&#8221;2&#8243; top_padding=&#8221;4&#8243; bottom_padding=&#8221;0&#8243; overlay_alpha=&#8221;50&#8243; gutter_size=&#8221;3&#8243; shift_y=&#8221;0&#8243;][vc_column column_width_percent=&#8221;100&#8243; align_horizontal=&#8221;align_center&#8221; overlay_alpha=&#8221;50&#8243; gutter_size=&#8221;3&#8243; medium_width=&#8221;0&#8243; shift_x=&#8221;0&#8243; shift_y=&#8221;0&#8243; z_index=&#8221;0&#8243;][vc_custom_heading heading_semantic=&#8221;h1&#8243; text_size=&#8221;fontsize-338686&#8243; text_space=&#8221;fontspace-111509&#8243; text_font=&#8221;font-762333&#8243; text_weight=&#8221;700&#8243; separator=&#8221;yes&#8221; separator_color=&#8221;yes&#8221; separator_double=&#8221;yes&#8221;]Privacy Policy[\/vc_custom_heading][\/vc_column][\/vc_row][vc_row row_height_percent=&#8221;0&#8243; override_padding=&#8221;yes&#8221; h_padding=&#8221;2&#8243; top_padding=&#8221;2&#8243; bottom_padding=&#8221;4&#8243; overlay_alpha=&#8221;50&#8243; gutter_size=&#8221;3&#8243; shift_y=&#8221;0&#8243;][vc_column column_width_percent=&#8221;100&#8243; overlay_alpha=&#8221;50&#8243; gutter_size=&#8221;3&#8243; medium_width=&#8221;0&#8243; shift_x=&#8221;0&#8243; shift_y=&#8221;0&#8243; z_index=&#8221;0&#8243;][vc_column_text]<strong>Vo\u0111enje obrade podataka:<\/strong><\/p>\n<p><strong>U.O. GUSAR, obrt za ugostiteljstvo, vl. Marko Bali\u0107<\/strong><br \/>\n<strong>\u0160pinutska 69<\/strong><br \/>\n<strong>21000 Split<\/strong><br \/>\n<strong>OIB: 15221460184<\/strong><br \/>\n<strong>Na\u0161a e-mail adresa za obradu i vo\u0111enje podataka je:<\/strong><br \/>\n<strong><a href=\"mailto:gusar.restoran@gmail.com\">gusar.restoran@gmail.com<\/a><\/strong><\/p>\n<p>Prikupljamo samo one osobne podatke koje nam Vi \u017eelite dati ili one koji su neophodni kako bismo Vam pru\u017eili (i unaprijedili) usluge. Prikupljamo izravne osobne podatke kao \u0161to su ime, adresa, broj telefona i e-mail adresa, kao i neizravne podatke kao \u0161to su \u2018Cookies\u2019 (pra\u0107enje), veza i informacije o sustavu.<br \/>\nVa\u0161i osobni podaci \u0107e se koristiti isklju\u010divo u svrhu U.O. GUSAR, obrt za ugostiteljstvo, vl. Marko Bali\u0107 poslovanja, kao i za\u00a0 upravljanje, podr\u0161ku i dobivanje povratnih informacija o pru\u017eenoj usluzi te kako bi se sprije\u010dilo naru\u0161avanje sigurnosti, zakona ili uvjeta iz ugovora.<\/p>\n<p>U.O. GUSAR, obrt za ugostiteljstvo, vl. Marko Bali\u0107 nikada ne\u0107e dijeliti Va\u0161e osobne podatke s poslovnim suradnicima koji ih namjeravaju iskoristiti za izravne marketin\u0161ke svrhe, osim ako nam niste dali odre\u0111eno dopu\u0161tenje za to. Osobni podatak je svaki podatak koji se odnosi na fizi\u010dku osobu \u010diji je identitet utvr\u0111en ili se<br \/>\nmo\u017ee utvrditi, izravno ili neizravno. Obrada podataka je bilo koja radnja izvr\u0161ena na osobnim podacima, poput primjerice prikupljanja, pohrane, upotrebe, uvida i prijenosa osobnih podataka. Ova Pravila se ne primjenjuju na anonimne podatke. Anonimni podatak je podatak koji se ne mo\u017ee povezati s odre\u0111enom fizi\u010dkom osobom.<\/p>\n<p>&nbsp;<\/p>\n<p><strong>Kako prikupljamo osobne podatke<\/strong><\/p>\n<p>U.O. GUSAR, obrt za ugostiteljstvo, vl. Marko Bali\u0107 prikuplja Va\u0161e osobne podatke, izme\u0111u<br \/>\nostalog, u sljede\u0107im slu\u010dajevima:<\/p>\n<p>1. Ukoliko nas izravno kontaktirate putem bilo koje internetske stranice U.O. GUSAR, obrt za ugostiteljstvo, vl. Marko Bali\u0107 kako biste zatra\u017eili informacije ili ponudu za na\u0161e proizvode ili usluge<br \/>\n2. Ukoliko izravno od nas kupite proizvod ili uslugu<br \/>\n3.\u00a0 Ukoliko odgovorite na na\u0161e izravne marketin\u0161ke kampanje, na primjer ispunjavanjem forme za unos podataka na na\u0161oj internetskoj stranici<br \/>\n4. Ukoliko nam na\u0161i partneri ili principali dostave va\u0161e podatke na dozvoljen na\u010din<br \/>\n5. Ukoliko smo va\u0161e osobne podatke dobili iz drugih izvora, na primjer od posrednika za poslovne adrese<br \/>\n6. Ukoliko ste mla\u0111i od 16 godina, molimo vas da nam ne pru\u017eate nikakve podatke bez odobrenja roditelja ili skrbnika<\/p>\n<p>&nbsp;<\/p>\n<p><strong>Komentari<\/strong><\/p>\n<p>Kada posjetitelji napi\u0161u komentar na web-stranici mi prikupljamo podatke prikazane u formi komentara, i tako\u0111er IP adresu posjetitelja kao i string korisni\u010dkog agenta preglednika kako lak\u0161e detektirali spam.<br \/>\nMogu\u0107e je da je anonimiziran string kreiran iz va\u0161e adrese e-po\u0161te (koji se tako\u0111er zove hash) dostavljen Gravatar servisu kako bi provjerili da li ga koristite. Pravila privatnosti Gravatar servisa dostupna su ovdje: https:\/\/automattic.com\/privacy\/. Nakon odobrenja va\u0161eg komentara, va\u0161a profilna slika je javno vidljiva u kontekstu va\u0161eg komentara.<\/p>\n<p>&nbsp;<\/p>\n<p><strong>Medij<\/strong><\/p>\n<p>Ako prenesete sliku na web-stranicu, trebali bi izbjegavati prijenos slika koje imaju ugra\u0111ene podatke o lokaciji (EXIF GPS). Posjetitelji web-stranice mogu ih preuzeti i izdvojiti bilo koje podatke o lokaciji iz slika sa web-stranice.<\/p>\n<p>&nbsp;<\/p>\n<p><strong>Kola\u010di\u0107i<\/strong><\/p>\n<p>Ako napi\u0161ete komentar na na\u0161oj web-stranici, mo\u017eete odabrati da spremite ime, adresu e-po\u0161te i web-stranicu u kola\u010di\u0107e. Ovo je kako bi vam olak\u0161ali ponovno komentiranje, da ne morate ponovno unositi te informacije. Ovi kola\u010di\u0107i traju godinu dana.<\/p>\n<p>Ako imate ra\u010dun i prijavite se na ovu web-stranicu, postaviti \u0107emo privremeni kola\u010di\u0107 kako bi utvrdili da li va\u0161 preglednik prihva\u0107a kola\u010di\u0107e. Ovaj kola\u010di\u0107 ne sadr\u017ei osobne podatke i bri\u0161e se kada ugasite preglednik.<\/p>\n<p>Kada se prijavite, tako\u0111er \u0107emo postaviti nekoliko kola\u010di\u0107a kako bi sa\u010duvali va\u0161e podatke o prijavi i va\u0161e postavke zaslona. Kola\u010di\u0107i prijave traju dva dana, i kola\u010di\u0107i postavki zaslona traju godinu dana. Ako odaberete \u201cZapamti me\u201d, va\u0161a prijava \u0107e trajati dva tjedna. Ako se odjavite s ra\u010duna, kola\u010di\u0107i prijave biti \u0107e uklonjeni.<\/p>\n<p>Ako uredite ili objavite \u010dlanak, dodatni kola\u010di\u0107 biti \u0107e spremljen u va\u0161em pregledniku. Ovaj kola\u010di\u0107 ne sadr\u017ei osobne podatke i samo ukazuje na ID objave \u010dlanka koji ste upravo uredili. Kola\u010di\u0107 istekne nakon 1 dana.<\/p>\n<p>&nbsp;<\/p>\n<p><strong>\u0160to je kola\u010di\u0107?<\/strong><\/p>\n<p>Kola\u010di\u0107i su male datoteke koje stranica ili njegov davatelj usluga prenosi na tvrdi disk va\u0161eg ra\u010dunala putem web preglednika (ukoliko mu dopustite), a koji omogu\u0107uje sustavu stranice ili pru\u017eatelju usluga prepoznavanje va\u0161eg \u200b\u200bpreglednika, te zadr\u017ee i zapamte odre\u0111ene informacije. Na primjer, mi koristimo kola\u010di\u0107e kako bi nam pomogli spremiti i obraditi proizvode u va\u0161oj ko\u0161arici. Oni se, tako\u0111er, koriste kako bi nam pomogli u razumijevanju va\u0161ih postavki temeljenih na prethodnoj ili trenutnoj aktivnosti na stranici, \u0161to nam omogu\u0107ava pru\u017eanje vama boljih usluga. Kola\u010di\u0107e, tako\u0111er, koristimo za pomo\u0107 pri prikupljanju sveobuhvatnih podataka o prometu na stranici i interakciji, a sve kako bismo mogli ponuditi bolje korisni\u010dko iskustvo i alate<br \/>\nu budu\u0107nosti.<\/p>\n<p>&nbsp;<\/p>\n<p><strong>Kako onemogu\u0107iti kola\u010di\u0107e?<\/strong><\/p>\n<p>Isklju\u010divanjem kola\u010di\u0107a odlu\u010dujete ho\u0107ete li dopustiti pohranjivanje kola\u010di\u0107a na svom ra\u010dunalu. Postavke kola\u010di\u0107a mogu se kontrolirati i konfigurirati u va\u0161em web pregledniku. Za informacije o postavkama kola\u010di\u0107a, odaberite web-preglednik koji koristite.<br \/>\n1. Chrome<br \/>\n2. Firefox<br \/>\n3.\u00a0 Internet Explorer 9<br \/>\n4.\u00a0 Internet Explorer 7 i 8<br \/>\n5.\u00a0 Opera<br \/>\n6.\u00a0 Safari<\/p>\n<p>&nbsp;<\/p>\n<p><strong>Ugra\u0111eni sadr\u017eaj s drugih web-stranica<\/strong><\/p>\n<p>\u010clanci na ovoj web-stranici mogu sadr\u017eavati ugra\u0111eni sadr\u017eaj (npr. video, slike, \u010dlanke, itd.). Ugra\u0111eni sadr\u017eaj sa drugih web-stranica pona\u0161a se istovjetno kao da je posjetitelj posjetio tu drugu web-stranicu.<\/p>\n<p>Ove web-stranice mo\u017eda prikupljaju podatke o vama, koriste kola\u010di\u0107e, imaju ugra\u0111eno dodatno pra\u0107enje od tre\u0107ih strana, i nadgledaju va\u0161u interakciju s tim ugra\u0111enim sadr\u017eajem, uklju\u010duju\u0107i pra\u0107enje va\u0161e interakcije s ugra\u0111enim sadr\u017eajem ako imate ra\u010dun i prijavljeni ste na web- stranici.<\/p>\n<p>&nbsp;<\/p>\n<p><strong>Koji podaci se mogu prikupljati<\/strong><\/p>\n<p>Mo\u017eemo prikupljati sljede\u0107e vrste podataka:<br \/>\n1. Kontaktni podaci \u2013 ime, titula, adresa, kontakt broj, email adresa<br \/>\n2. Kori\u0161tenje internetske stranice \u2013 na\u010din na koji koristite na\u0161u stranicu, uklju\u010duju\u0107i informacije prikupljene putem kola\u010di\u0107a i ostalih tehnologija za pra\u0107enje<br \/>\n3. Fotografije i video snimke \u2013 u slu\u010daju prezentacija na sajmovima, konferencijama i drugim sli\u010dnim doga\u0111anjima, mo\u017eemo poprati doga\u0111aj fotografiranjem ili snimanjem video materijala koje kasnije objavljujemo na internetskim stranicama U.O. GUSAR, obrt za ugostiteljstvo, vl. Marko Bali\u0107 i dru\u0161tvenim mre\u017eama<br \/>\n4. Informacije o prodaji, uslugama i servisu \u2013 informacije o kupnji, uklju\u010duju\u0107i korisni\u010dki identitet kupca, broj ra\u010duna ili ugovora i informacije o \u010dinjenici kori\u0161tenja na\u0161ih usluga, uklju\u010duju\u0107i prigovore i zahtjeve<br \/>\n5. Informacije o povijesti kupca \u2013 stupanj zadovoljstva kupca, zaprimljene ponude, podaci o kupnji uklu\u010duju\u0107i predmet i datum kupnje, datum isporuke, informacije o jamstvu, odaziv na kampanje, povijest prigovora, povijest servisa i usluga<\/p>\n<p>&nbsp;<\/p>\n<p><strong>Kako se va\u0161i podaci mogu koristiti<\/strong><\/p>\n<p>Kori\u0161tenje osobnih podataka u skladu s propisima o za\u0161titi osobnih podataka mora biti opravdano temeljem jedne od pravnih \u201eosnova\u201c, a mi ovim pravilnikom utvr\u0111ujemo osnove za svaku upotrebu osobnih podataka. Opravdana osnova za upotrebe su Legitimni interes i Suglasnost.<\/p>\n<p>&nbsp;<\/p>\n<p><strong>Legitimni interes:<\/strong><\/p>\n<p>Ova obrada temelji se na legitimnom interesu U.O. GUSAR, obrt za ugostiteljstvo, vl. Marko Bali\u0107 za promoviranjem i pru\u017eanjem informacija o svojim proizvodima i uslugama, kao i u svrhu odr\u017eavanja najvi\u0161ih standarda prodaje i usluga iz svoje ponude. Temeljna prava i slobode postoje\u0107ih i potencijalnih kupaca odmjerena su u odnosu na interes U.O. GUSAR, obrt za ugostiteljstvo, vl. Marko Bali\u0107 da obra\u0111uje osobne podatke u navedenu svrhu.<\/p>\n<p>&nbsp;<\/p>\n<p><strong>Ponude i prodaja, usluge i servis<\/strong><\/p>\n<p>Va\u0161i osobni podaci koristiti \u0107e se za obradu ponuda, prodaju, instalaciju i servisiranje. Pru\u017eanje osobnih podataka u svrhu prodaje i servisa predstavlja ugovornu obvezu te ako ih ne pru\u017eite, to \u0107e utjecati na ispravno izvr\u0161enje ili ga \u010dak onemogu\u0107iti. U.O. GUSAR, obrt za ugostiteljstvo, vl. Marko Bali\u0107 prikuplja [kontaktne podatke, osobne podatke i interese, informacije o ponudama, prodaji, pru\u017eenim uslugama i servisu] te ih mo\u017ee koristiti kako bi procijenio koje novosti i ponude vas najvjerojatnije zanimaju te vas kontaktirao u vezi s tim ponudama u skladu s va\u0161im interesima.<\/p>\n<p>U.O. GUSAR, obrt za ugostiteljstvo, vl. Marko Bali\u0107 mo\u017ee te informacije podijeliti s partnerima, na primjer pravnim osobama koje pru\u017eaju uslugu financiranja, kako bi odgovorio na va\u0161e zahtjeve i dao vam odgovaraju\u0107u ponudu.<\/p>\n<p>&nbsp;<\/p>\n<p><strong>Pravne obveze:<\/strong><\/p>\n<p>U.O. GUSAR, obrt za ugostiteljstvo, vl. Marko Bali\u0107 podlije\u017ee zakonima Hrvatske i du\u017ean ih se pridr\u017eavati, uklju\u010duju\u0107i pru\u017eanje va\u0161ih podataka tijelima za provedbu zakona, regulatornim i sudskim tijelima te tre\u0107im parni\u010dnim stranama vezano uz postupke ili istrage bilo gdje u svijetu gdje je to zahtijevano. Tamo gdje je to dopu\u0161teno, izravno \u0107emo vam uputiti takav zahtjev ili vas obavijestiti prije odgovora, osim ako bi to moglo utjecati na sprije\u010davanje ili otkrivanje zlo\u010dina.<br \/>\nPru\u017eanje osobnih podataka u svrhu sukladnosti s obvezuju\u0107im zahtjevima za va\u0161im podacima predstavlja zakonsku obvezu koja ovisi o konkretnom zahtjevu.<\/p>\n<p>&nbsp;<\/p>\n<p><strong>Kako \u010duvamo sigurnost va\u0161ih podataka<\/strong><\/p>\n<p>Koristimo razne sigurnosne mjere, uklju\u010duju\u0107i enkripciju i autentifikaciju, kako bismo za\u0161titili i odr\u017eali sigurnost, integritet i dostupnost va\u0161ih podataka.<\/p>\n<p>&nbsp;<\/p>\n<p><strong>Izme\u0111u ostalog, koristimo i sljede\u0107e mjere:<\/strong><\/p>\n<p>strogo ograni\u010den osobni pristup va\u0161im podacima po na\u010delu \u201enu\u017enog pristupa\u201c sigurni prijenos prikupljenih podataka, postavljanje vatrozida na IT sustave u svrhu zabrane neovla\u0161tenog pristupa trajno pra\u0107enje pristupa IT sustavima radi detekcije i sprije\u010davanja zlouporabe osobnih podataka. Svi va\u0161i podaci pohranjuju se na na\u0161im sigurnim poslu\u017eiteljima i sigurnim poslu\u017eiteljima na\u0161ih partnera te im se pristupa i koristi u skladu s na\u0161im pravilima i standardima sigurnosti (ili ekvivalentnim standardima na\u0161ih podizvo\u0111a\u010da ili poslovnih partnera).<\/p>\n<p>Za\u0161tita privatnosti va\u0161ih podataka je trajna, te U.O. GUSAR, obrt za ugostiteljstvo, vl. Marko Bali\u0107 poduzima sve mjere potrebne za za\u0161titu istih sukladno va\u017ee\u0107oj regulativi i dobrim praksama. Osobne podatke obra\u0111ujemo na siguran na\u010din, uklju\u010duju\u0107i za\u0161titu od neovla\u0161tene ili nezakonite obrade te od<br \/>\ngubitka.<\/p>\n<p>&nbsp;<\/p>\n<p><strong>Za\u0161titne mjere za informacije o lokaciji<\/strong><\/p>\n<p>Odre\u0111ene usluge, na primjer dostava paketa na adresu, mogu se ponuditi isklju\u010divo ako odlu\u010dite otkriti svoju lokaciju. Vrlo ozbiljno shva\u0107amo povjerljivost takve informacije o lokaciji te koristimo slijede\u0107e za\u0161titne mjere za informacije o lokaciji:<\/p>\n<p>Informacija se prikuplja ili joj se pristupa u tom obliku samo kada je to potrebno pru\u017eanje tra\u017eene usluge ili gdje smo zakonski obvezni zadr\u017eati i\/ili pru\u017eiti tu informaciju (i gdje smo obvezni ustupiti tu informaciju tijelu za provedbu zakona ili drugoj tre\u0107oj strani, u tom slu\u010daju \u0107emo vas obavijestiti, osim ako bi to moglo utjecati na sprije\u010davanje ili otkrivanje zlo\u010dina ili ako nam to nije dopu\u0161teno). Svaka druga upotreba informacija o lokaciji u svrhu analize izvr\u0161it \u0107e se na nepovratno<br \/>\nanonimiziranim skupovima podataka<\/p>\n<p>&nbsp;<\/p>\n<p>&nbsp;<\/p>\n<p><strong>Koliko dugo zadr\u017eavamo va\u0161e podatke<\/strong><\/p>\n<p>Ako napi\u0161ete komentar, komentar i njegovi meta podaci su sa\u010duvani trajno do opoziva. To je zato da mo\u017eemo automatski prepoznati i odobriti budu\u0107e komentare, umjesto da ih dr\u017eimo na \u010dekanju za odobrenje.<\/p>\n<p>Za korisnike koji se registriraju na na\u0161oj web-stranici (ako ih ima), mi tako\u0111er pohranjujemo osobne podatke koje navedu u njihovim korisni\u010dkim profilima, Svi korisnici mogu vidjeti, urediti, ili obrisati svoje osobne podatke u bilo koje vrijeme ( osim \u0161to ne mogu promijeniti svoje korisni\u010dko ime). Administratori web-stranice tako\u0111er mogu vidjeti i urediti te informacije.<\/p>\n<p>Osobne podatke pohranjujemo i obra\u0111ujemo samo onoliko dugo koliko je potrebno za izvr\u0161enje odre\u0111ene legitimne svrhe, osim ako va\u017ee\u0107im propisima nije za pojedinu svrhu predvi\u0111eno du\u017ee vrijeme \u010duvanja. U slu\u010daju davanja privole za marketing, podatke \u010duvamo onoliko dugo dok se privola ne povu\u010de<br \/>\nodnosno do opoziva s Va\u0161e strane. U slu\u010daju odbijenih ponuda, gdje nije dana privola za marketing, podatke vezane uz ponudu \u010duvamo godinu dana, a u slu\u010daju da nas zatra\u017eite brisanje, isti \u0107e biti izbrisani odmah.<\/p>\n<p>Osobni podaci koji vi\u0161e nisu potrebni se ili nepovratno anonimiziraju ili se uni\u0161tavaju na siguran na\u010din.<\/p>\n<p>&nbsp;<\/p>\n<p><strong>Kako nas kontaktirati, va\u0161a prava na za\u0161titu podataka i pritu\u017ebu tijelu za za\u0161titu podataka?<\/strong><\/p>\n<p>Ako imate ikakvih pitanja u vezi upotrebe va\u0161ih podataka, kontaktirajte nas na e-mail <strong><a href=\"mailto:gusar.restoran@gmail.com\">gusar.restoran@gmail.com<\/a><\/strong><br \/>\nU svakom trenutku imate pravo:<br \/>\n1. tra\u017eiti nas da vam pru\u017eimo dodatne informacije o na\u010dinu na koji koristimo va\u0161e podatke<br \/>\n2. da vam po\u0161aljemo ispis osobnih podataka koje ste nam dali<br \/>\n3. tra\u017eiti nas da ispravimo sve neto\u010dnosti u podacima koje imamo<br \/>\n4. tra\u017eiti nas da izbri\u0161emo sve podatke u odnosu na koje vi\u0161e nemamo zakonsku osnovu za upotrebu, u slu\u010dajevima gdje se obrada temelji na suglasnosti te vezano za svaki direktni marketing, povu\u0107i svoju suglasnost s u\u010dinkom u budu\u0107nosti kako bismo prestali s takvom odre\u0111enom obradom dati prigovor na svaku obradu (uklju\u010duju\u0107i profiliranje) koja se temelji na legitimnom interesu zbog va\u0161e specifi\u010dne situacije, osim ako su razlozi za izvr\u0161enje takve obrade ja\u010di od prava na za\u0161titu osobnih podataka<br \/>\n5. tra\u017eiti nas da ograni\u010dimo na\u010din na koji koristimo va\u0161e podatke, npr. dok se prigovor obra\u0111uje[\/vc_column_text][\/vc_column][\/vc_row]<\/p>\n","protected":false},"excerpt":{"rendered":"<p>[vc_row row_height_percent=&#8221;0&#8243; override_padding=&#8221;yes&#8221; h_padding=&#8221;2&#8243; top_padding=&#8221;4&#8243; bottom_padding=&#8221;0&#8243; overlay_alpha=&#8221;50&#8243; gutter_size=&#8221;3&#8243; shift_y=&#8221;0&#8243;][vc_column column_width_percent=&#8221;100&#8243; align_horizontal=&#8221;align_center&#8221; overlay_alpha=&#8221;50&#8243; gutter_size=&#8221;3&#8243; medium_width=&#8221;0&#8243; shift_x=&#8221;0&#8243; shift_y=&#8221;0&#8243; z_index=&#8221;0&#8243;][vc_custom_heading heading_semantic=&#8221;h1&#8243; text_size=&#8221;fontsize-338686&#8243; text_space=&#8221;fontspace-111509&#8243; [&hellip;]<\/p>\n","protected":false},"author":1,"featured_media":0,"parent":0,"menu_order":0,"comment_status":"closed","ping_status":"closed","template":"","meta":{"_monsterinsights_skip_tracking":false,"_monsterinsights_sitenote_active":false,"_monsterinsights_sitenote_note":"","_monsterinsights_sitenote_category":0,"footnotes":""},"class_list":["post-24363","page","type-page","status-publish","hentry"],"yoast_head":"<!-- This site is optimized with the Yoast SEO plugin v27.5 - https:\/\/yoast.com\/product\/yoast-seo-wordpress\/ -->\n<title>Privacy Policy - Restaurant Gusar<\/title>\n<meta name=\"robots\" content=\"noindex, nofollow\" \/>\n<meta property=\"og:locale\" content=\"en_US\" \/>\n<meta property=\"og:type\" content=\"article\" \/>\n<meta property=\"og:title\" content=\"Privacy Policy - Restaurant Gusar\" \/>\n<meta property=\"og:description\" content=\"[vc_row row_height_percent=&#8221;0&#8243; override_padding=&#8221;yes&#8221; h_padding=&#8221;2&#8243; top_padding=&#8221;4&#8243; bottom_padding=&#8221;0&#8243; overlay_alpha=&#8221;50&#8243; gutter_size=&#8221;3&#8243; shift_y=&#8221;0&#8243;][vc_column column_width_percent=&#8221;100&#8243; align_horizontal=&#8221;align_center&#8221; overlay_alpha=&#8221;50&#8243; gutter_size=&#8221;3&#8243; medium_width=&#8221;0&#8243; shift_x=&#8221;0&#8243; shift_y=&#8221;0&#8243; z_index=&#8221;0&#8243;][vc_custom_heading heading_semantic=&#8221;h1&#8243; text_size=&#8221;fontsize-338686&#8243; text_space=&#8221;fontspace-111509&#8243; [&hellip;]\" \/>\n<meta property=\"og:url\" content=\"https:\/\/www.restorangusar.hr\/en\/privacy-policy\/\" \/>\n<meta property=\"og:site_name\" content=\"Restoran Gusar\" \/>\n<meta property=\"article:modified_time\" content=\"2020-04-03T14:00:23+00:00\" \/>\n<meta name=\"twitter:card\" content=\"summary_large_image\" \/>\n<meta name=\"twitter:label1\" content=\"Est. reading time\" \/>\n\t<meta name=\"twitter:data1\" content=\"12 minutes\" \/>\n<script type=\"application\/ld+json\" class=\"yoast-schema-graph\">{\"@context\":\"https:\\\/\\\/schema.org\",\"@graph\":[{\"@type\":\"WebPage\",\"@id\":\"https:\\\/\\\/www.restorangusar.hr\\\/en\\\/privacy-policy\\\/\",\"url\":\"https:\\\/\\\/www.restorangusar.hr\\\/en\\\/privacy-policy\\\/\",\"name\":\"Privacy Policy - Restaurant Gusar\",\"isPartOf\":{\"@id\":\"https:\\\/\\\/www.restorangusar.hr\\\/#website\"},\"datePublished\":\"2015-06-26T09:33:18+00:00\",\"dateModified\":\"2020-04-03T14:00:23+00:00\",\"breadcrumb\":{\"@id\":\"https:\\\/\\\/www.restorangusar.hr\\\/en\\\/privacy-policy\\\/#breadcrumb\"},\"inLanguage\":\"en-US\",\"potentialAction\":[{\"@type\":\"ReadAction\",\"target\":[\"https:\\\/\\\/www.restorangusar.hr\\\/en\\\/privacy-policy\\\/\"]}]},{\"@type\":\"BreadcrumbList\",\"@id\":\"https:\\\/\\\/www.restorangusar.hr\\\/en\\\/privacy-policy\\\/#breadcrumb\",\"itemListElement\":[{\"@type\":\"ListItem\",\"position\":1,\"name\":\"Home\",\"item\":\"https:\\\/\\\/www.restorangusar.hr\\\/en\\\/\"},{\"@type\":\"ListItem\",\"position\":2,\"name\":\"Privacy Policy\"}]},{\"@type\":\"WebSite\",\"@id\":\"https:\\\/\\\/www.restorangusar.hr\\\/#website\",\"url\":\"https:\\\/\\\/www.restorangusar.hr\\\/\",\"name\":\"Restoran Gusar\",\"description\":\"\",\"potentialAction\":[{\"@type\":\"SearchAction\",\"target\":{\"@type\":\"EntryPoint\",\"urlTemplate\":\"https:\\\/\\\/www.restorangusar.hr\\\/?s={search_term_string}\"},\"query-input\":{\"@type\":\"PropertyValueSpecification\",\"valueRequired\":true,\"valueName\":\"search_term_string\"}}],\"inLanguage\":\"en-US\"}]}<\/script>\n<!-- \/ Yoast SEO plugin. -->","yoast_head_json":{"title":"Privacy Policy - Restaurant Gusar","robots":{"index":"noindex","follow":"nofollow"},"og_locale":"en_US","og_type":"article","og_title":"Privacy Policy - Restaurant Gusar","og_description":"[vc_row row_height_percent=&#8221;0&#8243; override_padding=&#8221;yes&#8221; h_padding=&#8221;2&#8243; top_padding=&#8221;4&#8243; bottom_padding=&#8221;0&#8243; overlay_alpha=&#8221;50&#8243; gutter_size=&#8221;3&#8243; shift_y=&#8221;0&#8243;][vc_column column_width_percent=&#8221;100&#8243; align_horizontal=&#8221;align_center&#8221; overlay_alpha=&#8221;50&#8243; gutter_size=&#8221;3&#8243; medium_width=&#8221;0&#8243; shift_x=&#8221;0&#8243; shift_y=&#8221;0&#8243; z_index=&#8221;0&#8243;][vc_custom_heading heading_semantic=&#8221;h1&#8243; text_size=&#8221;fontsize-338686&#8243; text_space=&#8221;fontspace-111509&#8243; [&hellip;]","og_url":"https:\/\/www.restorangusar.hr\/en\/privacy-policy\/","og_site_name":"Restoran Gusar","article_modified_time":"2020-04-03T14:00:23+00:00","twitter_card":"summary_large_image","twitter_misc":{"Est. reading time":"12 minutes"},"schema":{"@context":"https:\/\/schema.org","@graph":[{"@type":"WebPage","@id":"https:\/\/www.restorangusar.hr\/en\/privacy-policy\/","url":"https:\/\/www.restorangusar.hr\/en\/privacy-policy\/","name":"Privacy Policy - Restaurant Gusar","isPartOf":{"@id":"https:\/\/www.restorangusar.hr\/#website"},"datePublished":"2015-06-26T09:33:18+00:00","dateModified":"2020-04-03T14:00:23+00:00","breadcrumb":{"@id":"https:\/\/www.restorangusar.hr\/en\/privacy-policy\/#breadcrumb"},"inLanguage":"en-US","potentialAction":[{"@type":"ReadAction","target":["https:\/\/www.restorangusar.hr\/en\/privacy-policy\/"]}]},{"@type":"BreadcrumbList","@id":"https:\/\/www.restorangusar.hr\/en\/privacy-policy\/#breadcrumb","itemListElement":[{"@type":"ListItem","position":1,"name":"Home","item":"https:\/\/www.restorangusar.hr\/en\/"},{"@type":"ListItem","position":2,"name":"Privacy Policy"}]},{"@type":"WebSite","@id":"https:\/\/www.restorangusar.hr\/#website","url":"https:\/\/www.restorangusar.hr\/","name":"Restoran Gusar","description":"","potentialAction":[{"@type":"SearchAction","target":{"@type":"EntryPoint","urlTemplate":"https:\/\/www.restorangusar.hr\/?s={search_term_string}"},"query-input":{"@type":"PropertyValueSpecification","valueRequired":true,"valueName":"search_term_string"}}],"inLanguage":"en-US"}]}},"_links":{"self":[{"href":"https:\/\/www.restorangusar.hr\/en\/wp-json\/wp\/v2\/pages\/24363","targetHints":{"allow":["GET"]}}],"collection":[{"href":"https:\/\/www.restorangusar.hr\/en\/wp-json\/wp\/v2\/pages"}],"about":[{"href":"https:\/\/www.restorangusar.hr\/en\/wp-json\/wp\/v2\/types\/page"}],"author":[{"embeddable":true,"href":"https:\/\/www.restorangusar.hr\/en\/wp-json\/wp\/v2\/users\/1"}],"replies":[{"embeddable":true,"href":"https:\/\/www.restorangusar.hr\/en\/wp-json\/wp\/v2\/comments?post=24363"}],"version-history":[{"count":3,"href":"https:\/\/www.restorangusar.hr\/en\/wp-json\/wp\/v2\/pages\/24363\/revisions"}],"predecessor-version":[{"id":55875,"href":"https:\/\/www.restorangusar.hr\/en\/wp-json\/wp\/v2\/pages\/24363\/revisions\/55875"}],"wp:attachment":[{"href":"https:\/\/www.restorangusar.hr\/en\/wp-json\/wp\/v2\/media?parent=24363"}],"curies":[{"name":"wp","href":"https:\/\/api.w.org\/{rel}","templated":true}]}}