{"id":4611,"date":"2014-12-22T18:04:43","date_gmt":"2014-12-22T17:04:43","guid":{"rendered":"http:\/\/www.undsgn.com\/uncode\/?page_id=4611"},"modified":"2020-05-12T09:42:58","modified_gmt":"2020-05-12T09:42:58","slug":"restaurant-gusar-catering","status":"publish","type":"page","link":"https:\/\/www.restorangusar.hr\/en\/restaurant-gusar-catering\/","title":{"rendered":"Catering &#038; Venues"},"content":{"rendered":"<p>[vc_row row_height_percent=&#8221;60&#8243; back_color=&#8221;color-xsdn&#8221; overlay_alpha=&#8221;50&#8243; gutter_size=&#8221;3&#8243; shift_y=&#8221;0&#8243;][vc_column column_width_percent=&#8221;80&#8243; position_vertical=&#8221;middle&#8221; align_horizontal=&#8221;align_center&#8221; overlay_alpha=&#8221;50&#8243; gutter_size=&#8221;3&#8243; medium_width=&#8221;0&#8243; shift_x=&#8221;0&#8243; shift_y=&#8221;0&#8243; z_index=&#8221;0&#8243; width=&#8221;1\/1&#8243;][vc_empty_space empty_h=&#8221;2&#8243;][vc_custom_heading heading_semantic=&#8221;h1&#8243; text_size=&#8221;fontsize-445851&#8243; text_font=&#8221;font-167703&#8243;]Catering[\/vc_custom_heading][vc_custom_heading heading_semantic=&#8221;p&#8221; text_size=&#8221;h5&#8243; text_height=&#8221;fontheight-357766&#8243; text_font=&#8221;font-146884&#8243;]Gusar catering has over seven years\u2019 experience in outside catering industry, and we serve delicious food on a timely basis with an incredible level of personal and professional services. Only the freshest, finest quality produce is used in the creation of all traditional dishes that we offer to our guests. We offer inventive menus for private celebrations, weddings, corporate events and parties of all shapes and sizes. All with impeccable attention to detail throughout.<\/p>\n<p>&nbsp;<\/p>\n<p><em>If you\u2019re looking for glamorous and elegant dishes for your next event then you are in the right place.<\/em><\/p>\n<p>[\/vc_custom_heading][vc_empty_space empty_h=&#8221;3&#8243;][\/vc_column][\/vc_row][vc_row unlock_row_content=&#8221;yes&#8221; row_height_percent=&#8221;75&#8243; override_padding=&#8221;yes&#8221; h_padding=&#8221;0&#8243; top_padding=&#8221;0&#8243; bottom_padding=&#8221;0&#8243; overlay_alpha=&#8221;100&#8243; equal_height=&#8221;yes&#8221; gutter_size=&#8221;0&#8243; shift_y=&#8221;0&#8243; style=&#8221;inherited&#8221;][vc_column column_width_percent=&#8221;100&#8243; position_horizontal=&#8221;left&#8221; override_padding=&#8221;yes&#8221; column_padding=&#8221;0&#8243; overlay_alpha=&#8221;100&#8243; gutter_size=&#8221;3&#8243; medium_width=&#8221;4&#8243; shift_x=&#8221;0&#8243; shift_y=&#8221;0&#8243; z_index=&#8221;0&#8243; zoom_width=&#8221;0&#8243; zoom_height=&#8221;0&#8243; width=&#8221;1\/2&#8243; mobile_height=&#8221;300&#8243;][vc_gallery el_id=&#8221;gallery-107450&#8243; type=&#8221;carousel&#8221; medias=&#8221;55640,55641,55642,55643,55644,55645,55646,55647,55648,55649,55650,55651,55652,55653,55654,55655&#8243; carousel_lg=&#8221;1&#8243; carousel_md=&#8221;1&#8243; carousel_sm=&#8221;1&#8243; thumb_size=&#8221;one-one&#8221; gutter_size=&#8221;0&#8243; media_items=&#8221;icon,media|lightbox|original&#8221; carousel_height=&#8221;equal&#8221; carousel_interval=&#8221;5000&#8243; carousel_navspeed=&#8221;0&#8243; carousel_nav=&#8221;yes&#8221; carousel_nav_skin=&#8221;dark&#8221; single_overlay_opacity=&#8221;50&#8243; single_text_visible=&#8221;yes&#8221; single_padding=&#8221;2&#8243; title=&#8221;Gallery&#8221;][\/vc_column][vc_column column_width_percent=&#8221;50&#8243; position_vertical=&#8221;middle&#8221; override_padding=&#8221;yes&#8221; column_padding=&#8221;2&#8243; back_color=&#8221;color-gyho&#8221; overlay_alpha=&#8221;100&#8243; gutter_size=&#8221;3&#8243; medium_width=&#8221;4&#8243; shift_x=&#8221;0&#8243; shift_y=&#8221;0&#8243; z_index=&#8221;0&#8243; zoom_width=&#8221;0&#8243; zoom_height=&#8221;0&#8243; width=&#8221;1\/2&#8243;][vc_custom_heading text_size=&#8221;fontsize-155944&#8243; text_font=&#8221;font-167703&#8243; sub_lead=&#8221;yes&#8221; text_uppercase=&#8221;&#8221; subheading=&#8221;The fairy tale Villa began more than a century ago. On the Marjan coast in 1914 the entrepreneur Franjo Schiller built it as Villa &#8216;Shiller&#8217;, but in 1947 apparently the villa dropped in the eye of Josip Broz Tito and then the government took it over and renamed it as the \u201eVilla Dalmatia\u201c. A renovation started for the stay of the first man of Yugoslavia. From then until today, this Marjan beauty is known as Tito&#8217;s Villa and is the place to be for all your occasions with catering Gusar.&#8221;]Villa Dalmacija[\/vc_custom_heading][\/vc_column][\/vc_row][vc_row unlock_row_content=&#8221;yes&#8221; row_height_percent=&#8221;75&#8243; override_padding=&#8221;yes&#8221; h_padding=&#8221;0&#8243; top_padding=&#8221;0&#8243; bottom_padding=&#8221;0&#8243; overlay_alpha=&#8221;100&#8243; equal_height=&#8221;yes&#8221; gutter_size=&#8221;0&#8243; shift_y=&#8221;0&#8243; style=&#8221;inherited&#8221;][vc_column column_width_percent=&#8221;50&#8243; position_vertical=&#8221;middle&#8221; override_padding=&#8221;yes&#8221; column_padding=&#8221;2&#8243; back_color=&#8221;color-xsdn&#8221; overlay_alpha=&#8221;100&#8243; gutter_size=&#8221;3&#8243; medium_width=&#8221;4&#8243; shift_x=&#8221;0&#8243; shift_y=&#8221;0&#8243; z_index=&#8221;0&#8243; zoom_width=&#8221;0&#8243; zoom_height=&#8221;0&#8243; width=&#8221;1\/2&#8243;][vc_custom_heading text_size=&#8221;fontsize-155944&#8243; text_font=&#8221;font-167703&#8243; sub_lead=&#8221;yes&#8221; text_uppercase=&#8221;&#8221; subheading=&#8221;The gallery holds the most of the statues of the sculptor\u2019s works, but is itself an artistic monument. Its author Ivan Me\u0161trovi\u0107 imagined this palace as an exhibition space for his works, but also as a home to his family as well as an atelier.<br \/>\nToday, the gallery is open to visitors and allows the organization of different events such as weddings, gala dinners and others\u2026<\/p>\n<p>A fairytale place for an unforgettable time with Gusar catering.<br \/>\n&#8220;]The Gallery Mestrovic[\/vc_custom_heading][\/vc_column][vc_column column_width_percent=&#8221;100&#8243; position_vertical=&#8221;middle&#8221; align_horizontal=&#8221;align_center&#8221; override_padding=&#8221;yes&#8221; column_padding=&#8221;0&#8243; overlay_alpha=&#8221;100&#8243; gutter_size=&#8221;3&#8243; medium_width=&#8221;4&#8243; shift_x=&#8221;0&#8243; shift_y=&#8221;0&#8243; z_index=&#8221;0&#8243; zoom_width=&#8221;0&#8243; zoom_height=&#8221;0&#8243; width=&#8221;1\/2&#8243; mobile_height=&#8221;300&#8243;][vc_gallery el_id=&#8221;gallery-370778&#8243; type=&#8221;carousel&#8221; medias=&#8221;55672,55673,55674,55675,55676,55677,55678,55679,55680,55681,55682,55683,55684,55685,55686,55687&#8243; carousel_lg=&#8221;1&#8243; carousel_md=&#8221;1&#8243; carousel_sm=&#8221;1&#8243; thumb_size=&#8221;one-one&#8221; gutter_size=&#8221;3&#8243; carousel_interval=&#8221;5000&#8243; carousel_navspeed=&#8221;400&#8243; carousel_nav=&#8221;yes&#8221; carousel_nav_skin=&#8221;dark&#8221; single_overlay_opacity=&#8221;50&#8243; single_padding=&#8221;2&#8243;][\/vc_column][\/vc_row][vc_row unlock_row_content=&#8221;yes&#8221; row_height_percent=&#8221;75&#8243; override_padding=&#8221;yes&#8221; h_padding=&#8221;0&#8243; top_padding=&#8221;0&#8243; bottom_padding=&#8221;0&#8243; overlay_alpha=&#8221;50&#8243; equal_height=&#8221;yes&#8221; gutter_size=&#8221;0&#8243; shift_y=&#8221;0&#8243;][vc_column width=&#8221;1\/2&#8243;][vc_gallery el_id=&#8221;gallery-107954&#8243; type=&#8221;carousel&#8221; medias=&#8221;55695,55696,55692,55693,55694,55697,55698,55699&#8243; carousel_lg=&#8221;1&#8243; carousel_md=&#8221;1&#8243; carousel_sm=&#8221;1&#8243; thumb_size=&#8221;one-one&#8221; gutter_size=&#8221;3&#8243; carousel_height=&#8221;equal&#8221; carousel_interval=&#8221;5000&#8243; carousel_navspeed=&#8221;0&#8243; carousel_nav=&#8221;yes&#8221; carousel_nav_skin=&#8221;dark&#8221; single_overlay_opacity=&#8221;50&#8243; single_padding=&#8221;2&#8243;][\/vc_column][vc_column column_width_percent=&#8221;50&#8243; position_vertical=&#8221;middle&#8221; back_color=&#8221;color-gyho&#8221; overlay_alpha=&#8221;50&#8243; gutter_size=&#8221;3&#8243; medium_width=&#8221;0&#8243; shift_x=&#8221;0&#8243; shift_y=&#8221;0&#8243; z_index=&#8221;0&#8243; width=&#8221;1\/2&#8243;][vc_custom_heading text_size=&#8221;fontsize-155944&#8243; text_font=&#8221;font-167703&#8243; sub_lead=&#8221;yes&#8221; text_uppercase=&#8221;&#8221; subheading=&#8221;Me\u0161trovi\u0107\u2019s Crikvine-Ka\u0161tilac are located in the Split area of Meje, below the southern slopes of the Marjan Peninsula, by the sea, near Me\u0161trovi\u0107 Gallery. It is a sacral and artistic monument formed on a ruined estate with the remains of the building of the Capogrosso family from the 16th century.<\/p>\n<p>This amazing place is the perfect venue, full of history, for your events with Gusar catering.<br \/>\n&#8220;]Kastelet[\/vc_custom_heading][\/vc_column][\/vc_row][vc_row unlock_row_content=&#8221;yes&#8221; row_height_percent=&#8221;75&#8243; override_padding=&#8221;yes&#8221; h_padding=&#8221;0&#8243; top_padding=&#8221;0&#8243; bottom_padding=&#8221;0&#8243; overlay_alpha=&#8221;50&#8243; equal_height=&#8221;yes&#8221; gutter_size=&#8221;0&#8243; shift_y=&#8221;0&#8243;][vc_column column_width_percent=&#8221;50&#8243; position_vertical=&#8221;middle&#8221; back_color=&#8221;color-xsdn&#8221; overlay_alpha=&#8221;50&#8243; gutter_size=&#8221;3&#8243; medium_width=&#8221;0&#8243; shift_x=&#8221;0&#8243; shift_y=&#8221;0&#8243; z_index=&#8221;0&#8243; width=&#8221;1\/2&#8243;][vc_custom_heading text_size=&#8221;fontsize-155944&#8243; text_font=&#8221;font-167703&#8243; sub_lead=&#8221;yes&#8221; text_uppercase=&#8221;&#8221; subheading=&#8221;Who can imagine staying on the Adriatic without a magical cruise on the Adriatic Sea?<br \/>\nSail to one of the most beautiful seas for a cruise in the country of 1000 islands.<br \/>\nWhether it&#8217;s a cocktail, dinner, a gala dinner or a party&#8230; it will be a pleasure to Gusar catering staff to sail with you on an unforgettable adventure.<br \/>\n&#8220;]Ship[\/vc_custom_heading][\/vc_column][vc_column column_width_percent=&#8221;100&#8243; overlay_alpha=&#8221;50&#8243; gutter_size=&#8221;3&#8243; medium_width=&#8221;0&#8243; shift_x=&#8221;0&#8243; shift_y=&#8221;0&#8243; z_index=&#8221;0&#8243; width=&#8221;1\/2&#8243;][vc_gallery el_id=&#8221;gallery-207834&#8243; type=&#8221;carousel&#8221; medias=&#8221;55631,55629,55630,55628,55632,55633,55634,55635,55636,55637&#8243; carousel_lg=&#8221;1&#8243; carousel_md=&#8221;1&#8243; carousel_sm=&#8221;1&#8243; thumb_size=&#8221;one-one&#8221; gutter_size=&#8221;3&#8243; carousel_height=&#8221;equal&#8221; carousel_interval=&#8221;5000&#8243; carousel_navspeed=&#8221;0&#8243; carousel_nav=&#8221;yes&#8221; carousel_nav_skin=&#8221;dark&#8221; single_overlay_opacity=&#8221;50&#8243; single_padding=&#8221;2&#8243;][\/vc_column][\/vc_row][vc_row row_height_percent=&#8221;0&#8243; back_color=&#8221;color-rgdb&#8221; overlay_alpha=&#8221;50&#8243; gutter_size=&#8221;3&#8243; shift_y=&#8221;0&#8243;][vc_column width=&#8221;1\/1&#8243;][vc_raw_html]JTNDJTIxLS0lMjBNaWRhcyUyMFBpeGVsJTIwQ29kZSUyMC0tJTNFJTBBJTNDaW1nJTIwaGVpZ2h0JTNEJTIyMSUyMiUyMHdpZHRoJTNEJTIyMSUyMiUyMHN0eWxlJTNEJTIyZGlzcGxheSUzQW5vbmUlMjIlMjBzcmMlM0QlMjJodHRwcyUzQSUyRiUyRmNkbi5taWRhcy1uZXR3b3JrLmNvbSUyRk1pZGFzUGl4ZWwlMkZJbmRleEFzeW5jJTJGYzJhYjljYTUtYjlmMC00MjBiLTk3OGEtZDE4NDBiMDllY2NjJTIyJTIwJTJGJTNFJTBBJTNDJTIxLS0lMjBETyUyME5PVCUyME1PRElGWSUyMC0tJTNFJTBBJTNDJTIxLS0lMjBFbmQlMjBNaWRhcyUyMFBpeGVsJTIwQ29kZSUyMC0tJTNF[\/vc_raw_html][\/vc_column][\/vc_row]<\/p>\n","protected":false},"excerpt":{"rendered":"<p>[vc_row row_height_percent=&#8221;60&#8243; back_color=&#8221;color-xsdn&#8221; overlay_alpha=&#8221;50&#8243; gutter_size=&#8221;3&#8243; shift_y=&#8221;0&#8243;][vc_column column_width_percent=&#8221;80&#8243; position_vertical=&#8221;middle&#8221; align_horizontal=&#8221;align_center&#8221; overlay_alpha=&#8221;50&#8243; gutter_size=&#8221;3&#8243; medium_width=&#8221;0&#8243; shift_x=&#8221;0&#8243; shift_y=&#8221;0&#8243; z_index=&#8221;0&#8243; width=&#8221;1\/1&#8243;][vc_empty_space empty_h=&#8221;2&#8243;][vc_custom_heading heading_semantic=&#8221;h1&#8243; text_size=&#8221;fontsize-445851&#8243; text_font=&#8221;font-167703&#8243;]Catering[\/vc_custom_heading][vc_custom_heading [&hellip;]<\/p>\n","protected":false},"author":1,"featured_media":55631,"parent":0,"menu_order":0,"comment_status":"closed","ping_status":"closed","template":"","meta":{"_monsterinsights_skip_tracking":false,"_monsterinsights_sitenote_active":false,"_monsterinsights_sitenote_note":"","_monsterinsights_sitenote_category":0,"footnotes":""},"class_list":["post-4611","page","type-page","status-publish","has-post-thumbnail","hentry"],"yoast_head":"<!-- This site is optimized with the Yoast SEO plugin v27.5 - https:\/\/yoast.com\/product\/yoast-seo-wordpress\/ -->\n<title>Catering Restaurant Gusar - Glamorous and elegant dishes for your event!<\/title>\n<meta name=\"description\" content=\"Catering Restaurant Gusar - Inventive menus for private celebrations, weddings, corporate events and parties of all shapes and sizes.\" \/>\n<meta name=\"robots\" content=\"index, follow, max-snippet:-1, max-image-preview:large, max-video-preview:-1\" \/>\n<link rel=\"canonical\" href=\"https:\/\/www.restorangusar.hr\/en\/restaurant-gusar-catering\/\" \/>\n<meta property=\"og:locale\" content=\"en_US\" \/>\n<meta property=\"og:type\" content=\"article\" \/>\n<meta property=\"og:title\" content=\"Catering Restaurant Gusar - Glamorous and elegant dishes for your event!\" \/>\n<meta property=\"og:description\" content=\"Catering Restaurant Gusar - Inventive menus for private celebrations, weddings, corporate events and parties of all shapes and sizes.\" \/>\n<meta property=\"og:url\" content=\"https:\/\/www.restorangusar.hr\/en\/restaurant-gusar-catering\/\" \/>\n<meta property=\"og:site_name\" content=\"Restoran Gusar\" \/>\n<meta property=\"article:modified_time\" content=\"2020-05-12T09:42:58+00:00\" \/>\n<meta property=\"og:image\" content=\"https:\/\/www.restorangusar.hr\/wp-content\/uploads\/2020\/03\/Ship-Restaurant-Gusar-Catering-4.jpg\" \/>\n\t<meta property=\"og:image:width\" content=\"1600\" \/>\n\t<meta property=\"og:image:height\" content=\"1067\" \/>\n\t<meta property=\"og:image:type\" content=\"image\/jpeg\" \/>\n<meta name=\"twitter:card\" content=\"summary_large_image\" \/>\n<meta name=\"twitter:label1\" content=\"Est. reading time\" \/>\n\t<meta name=\"twitter:data1\" content=\"6 minutes\" \/>\n<script type=\"application\/ld+json\" class=\"yoast-schema-graph\">{\"@context\":\"https:\\\/\\\/schema.org\",\"@graph\":[{\"@type\":\"WebPage\",\"@id\":\"https:\\\/\\\/www.restorangusar.hr\\\/en\\\/restaurant-gusar-catering\\\/\",\"url\":\"https:\\\/\\\/www.restorangusar.hr\\\/en\\\/restaurant-gusar-catering\\\/\",\"name\":\"Catering Restaurant Gusar - Glamorous and elegant dishes for your event!\",\"isPartOf\":{\"@id\":\"https:\\\/\\\/www.restorangusar.hr\\\/#website\"},\"primaryImageOfPage\":{\"@id\":\"https:\\\/\\\/www.restorangusar.hr\\\/en\\\/restaurant-gusar-catering\\\/#primaryimage\"},\"image\":{\"@id\":\"https:\\\/\\\/www.restorangusar.hr\\\/en\\\/restaurant-gusar-catering\\\/#primaryimage\"},\"thumbnailUrl\":\"https:\\\/\\\/www.restorangusar.hr\\\/wp-content\\\/uploads\\\/2020\\\/03\\\/Ship-Restaurant-Gusar-Catering-4.jpg\",\"datePublished\":\"2014-12-22T17:04:43+00:00\",\"dateModified\":\"2020-05-12T09:42:58+00:00\",\"description\":\"Catering Restaurant Gusar - Inventive menus for private celebrations, weddings, corporate events and parties of all shapes and sizes.\",\"breadcrumb\":{\"@id\":\"https:\\\/\\\/www.restorangusar.hr\\\/en\\\/restaurant-gusar-catering\\\/#breadcrumb\"},\"inLanguage\":\"en-US\",\"potentialAction\":[{\"@type\":\"ReadAction\",\"target\":[\"https:\\\/\\\/www.restorangusar.hr\\\/en\\\/restaurant-gusar-catering\\\/\"]}]},{\"@type\":\"ImageObject\",\"inLanguage\":\"en-US\",\"@id\":\"https:\\\/\\\/www.restorangusar.hr\\\/en\\\/restaurant-gusar-catering\\\/#primaryimage\",\"url\":\"https:\\\/\\\/www.restorangusar.hr\\\/wp-content\\\/uploads\\\/2020\\\/03\\\/Ship-Restaurant-Gusar-Catering-4.jpg\",\"contentUrl\":\"https:\\\/\\\/www.restorangusar.hr\\\/wp-content\\\/uploads\\\/2020\\\/03\\\/Ship-Restaurant-Gusar-Catering-4.jpg\",\"width\":1600,\"height\":1067,\"caption\":\"Restaurant Gusar Catering\"},{\"@type\":\"BreadcrumbList\",\"@id\":\"https:\\\/\\\/www.restorangusar.hr\\\/en\\\/restaurant-gusar-catering\\\/#breadcrumb\",\"itemListElement\":[{\"@type\":\"ListItem\",\"position\":1,\"name\":\"Home\",\"item\":\"https:\\\/\\\/www.restorangusar.hr\\\/en\\\/\"},{\"@type\":\"ListItem\",\"position\":2,\"name\":\"Catering &#038; Venues\"}]},{\"@type\":\"WebSite\",\"@id\":\"https:\\\/\\\/www.restorangusar.hr\\\/#website\",\"url\":\"https:\\\/\\\/www.restorangusar.hr\\\/\",\"name\":\"Restoran Gusar\",\"description\":\"\",\"potentialAction\":[{\"@type\":\"SearchAction\",\"target\":{\"@type\":\"EntryPoint\",\"urlTemplate\":\"https:\\\/\\\/www.restorangusar.hr\\\/?s={search_term_string}\"},\"query-input\":{\"@type\":\"PropertyValueSpecification\",\"valueRequired\":true,\"valueName\":\"search_term_string\"}}],\"inLanguage\":\"en-US\"}]}<\/script>\n<!-- \/ Yoast SEO plugin. -->","yoast_head_json":{"title":"Catering Restaurant Gusar - Glamorous and elegant dishes for your event!","description":"Catering Restaurant Gusar - Inventive menus for private celebrations, weddings, corporate events and parties of all shapes and sizes.","robots":{"index":"index","follow":"follow","max-snippet":"max-snippet:-1","max-image-preview":"max-image-preview:large","max-video-preview":"max-video-preview:-1"},"canonical":"https:\/\/www.restorangusar.hr\/en\/restaurant-gusar-catering\/","og_locale":"en_US","og_type":"article","og_title":"Catering Restaurant Gusar - Glamorous and elegant dishes for your event!","og_description":"Catering Restaurant Gusar - Inventive menus for private celebrations, weddings, corporate events and parties of all shapes and sizes.","og_url":"https:\/\/www.restorangusar.hr\/en\/restaurant-gusar-catering\/","og_site_name":"Restoran Gusar","article_modified_time":"2020-05-12T09:42:58+00:00","og_image":[{"width":1600,"height":1067,"url":"https:\/\/www.restorangusar.hr\/wp-content\/uploads\/2020\/03\/Ship-Restaurant-Gusar-Catering-4.jpg","type":"image\/jpeg"}],"twitter_card":"summary_large_image","twitter_misc":{"Est. reading time":"6 minutes"},"schema":{"@context":"https:\/\/schema.org","@graph":[{"@type":"WebPage","@id":"https:\/\/www.restorangusar.hr\/en\/restaurant-gusar-catering\/","url":"https:\/\/www.restorangusar.hr\/en\/restaurant-gusar-catering\/","name":"Catering Restaurant Gusar - Glamorous and elegant dishes for your event!","isPartOf":{"@id":"https:\/\/www.restorangusar.hr\/#website"},"primaryImageOfPage":{"@id":"https:\/\/www.restorangusar.hr\/en\/restaurant-gusar-catering\/#primaryimage"},"image":{"@id":"https:\/\/www.restorangusar.hr\/en\/restaurant-gusar-catering\/#primaryimage"},"thumbnailUrl":"https:\/\/www.restorangusar.hr\/wp-content\/uploads\/2020\/03\/Ship-Restaurant-Gusar-Catering-4.jpg","datePublished":"2014-12-22T17:04:43+00:00","dateModified":"2020-05-12T09:42:58+00:00","description":"Catering Restaurant Gusar - Inventive menus for private celebrations, weddings, corporate events and parties of all shapes and sizes.","breadcrumb":{"@id":"https:\/\/www.restorangusar.hr\/en\/restaurant-gusar-catering\/#breadcrumb"},"inLanguage":"en-US","potentialAction":[{"@type":"ReadAction","target":["https:\/\/www.restorangusar.hr\/en\/restaurant-gusar-catering\/"]}]},{"@type":"ImageObject","inLanguage":"en-US","@id":"https:\/\/www.restorangusar.hr\/en\/restaurant-gusar-catering\/#primaryimage","url":"https:\/\/www.restorangusar.hr\/wp-content\/uploads\/2020\/03\/Ship-Restaurant-Gusar-Catering-4.jpg","contentUrl":"https:\/\/www.restorangusar.hr\/wp-content\/uploads\/2020\/03\/Ship-Restaurant-Gusar-Catering-4.jpg","width":1600,"height":1067,"caption":"Restaurant Gusar Catering"},{"@type":"BreadcrumbList","@id":"https:\/\/www.restorangusar.hr\/en\/restaurant-gusar-catering\/#breadcrumb","itemListElement":[{"@type":"ListItem","position":1,"name":"Home","item":"https:\/\/www.restorangusar.hr\/en\/"},{"@type":"ListItem","position":2,"name":"Catering &#038; Venues"}]},{"@type":"WebSite","@id":"https:\/\/www.restorangusar.hr\/#website","url":"https:\/\/www.restorangusar.hr\/","name":"Restoran Gusar","description":"","potentialAction":[{"@type":"SearchAction","target":{"@type":"EntryPoint","urlTemplate":"https:\/\/www.restorangusar.hr\/?s={search_term_string}"},"query-input":{"@type":"PropertyValueSpecification","valueRequired":true,"valueName":"search_term_string"}}],"inLanguage":"en-US"}]}},"_links":{"self":[{"href":"https:\/\/www.restorangusar.hr\/en\/wp-json\/wp\/v2\/pages\/4611","targetHints":{"allow":["GET"]}}],"collection":[{"href":"https:\/\/www.restorangusar.hr\/en\/wp-json\/wp\/v2\/pages"}],"about":[{"href":"https:\/\/www.restorangusar.hr\/en\/wp-json\/wp\/v2\/types\/page"}],"author":[{"embeddable":true,"href":"https:\/\/www.restorangusar.hr\/en\/wp-json\/wp\/v2\/users\/1"}],"replies":[{"embeddable":true,"href":"https:\/\/www.restorangusar.hr\/en\/wp-json\/wp\/v2\/comments?post=4611"}],"version-history":[{"count":27,"href":"https:\/\/www.restorangusar.hr\/en\/wp-json\/wp\/v2\/pages\/4611\/revisions"}],"predecessor-version":[{"id":56069,"href":"https:\/\/www.restorangusar.hr\/en\/wp-json\/wp\/v2\/pages\/4611\/revisions\/56069"}],"wp:featuredmedia":[{"embeddable":true,"href":"https:\/\/www.restorangusar.hr\/en\/wp-json\/wp\/v2\/media\/55631"}],"wp:attachment":[{"href":"https:\/\/www.restorangusar.hr\/en\/wp-json\/wp\/v2\/media?parent=4611"}],"curies":[{"name":"wp","href":"https:\/\/api.w.org\/{rel}","templated":true}]}}